{"id":24,"date":"2023-06-30T11:58:54","date_gmt":"2023-06-30T09:58:54","guid":{"rendered":"https:\/\/beeonthesea.com\/?page_id=24"},"modified":"2025-07-21T19:20:44","modified_gmt":"2025-07-21T17:20:44","slug":"accueil","status":"publish","type":"page","link":"http:\/\/beeonthesea.com\/","title":{"rendered":"Accueil"},"content":{"rendered":"\n<div class=\"wp-block-cover alignfull is-light wp-duotone-unset-1\" style=\"min-height:720px;aspect-ratio:unset;\"><img loading=\"lazy\" decoding=\"async\" width=\"2560\" height=\"1920\" class=\"wp-block-cover__image-background wp-image-368\" alt=\"\" src=\"https:\/\/beeonthesea.com\/wp-content\/uploads\/2023\/08\/P1005511_190823-scaled.jpg\" style=\"object-position:48% 52%\" data-object-fit=\"cover\" data-object-position=\"48% 52%\" srcset=\"http:\/\/beeonthesea.com\/wp-content\/uploads\/2023\/08\/P1005511_190823-scaled.jpg 2560w, http:\/\/beeonthesea.com\/wp-content\/uploads\/2023\/08\/P1005511_190823-300x225.jpg 300w, http:\/\/beeonthesea.com\/wp-content\/uploads\/2023\/08\/P1005511_190823-1024x768.jpg 1024w, http:\/\/beeonthesea.com\/wp-content\/uploads\/2023\/08\/P1005511_190823-768x576.jpg 768w, http:\/\/beeonthesea.com\/wp-content\/uploads\/2023\/08\/P1005511_190823-1536x1152.jpg 1536w, http:\/\/beeonthesea.com\/wp-content\/uploads\/2023\/08\/P1005511_190823-2048x1536.jpg 2048w\" sizes=\"auto, (max-width: 2560px) 100vw, 2560px\" \/><span aria-hidden=\"true\" class=\"wp-block-cover__background has-background-dim wp-block-cover__gradient-background has-background-gradient\" style=\"background:linear-gradient(135deg,rgba(71,92,120,0.92) 9%,rgba(54,116,135,0.92) 51%,rgba(139,146,166,0.93) 100%)\"><\/span><div class=\"wp-block-cover__inner-container is-layout-flow wp-block-cover-is-layout-flow\">\n<div class=\"inherit-container-width wp-block-group alignfull is-layout-constrained wp-block-group-is-layout-constrained\">\n<div class=\"wp-block-columns are-vertically-aligned-center is-layout-flex wp-container-core-columns-is-layout-28f84493 wp-block-columns-is-layout-flex\">\n<div class=\"wp-block-column is-layout-flow wp-block-column-is-layout-flow\" style=\"flex-basis:57%\">\n<h1 class=\"wp-block-heading has-text-align-left has-white-color has-text-color\">Le projet &#8211; Bee on the Sea<\/h1>\n\n\n\n<p>Un projet sportif sur 3 ans, l&rsquo;objectif de la SAS 2026 sur un petit bateau de 6m50 avec un skipper passionn\u00e9 et des partenaires pr\u00eats \u00e0 avancer ensemble !<\/p>\n\n\n\n<div class=\"wp-block-buttons is-layout-flex wp-block-buttons-is-layout-flex\">\n<div class=\"wp-block-button\"><a class=\"wp-block-button__link wp-element-button\">D\u00e9couvrez les actualit\u00e9s<\/a><\/div>\n<\/div>\n<\/div>\n<\/div>\n<\/div>\n<\/div><\/div>\n\n\n\n<div class=\"wp-block-group alignfull has-ast-global-color-4-background-color has-background is-layout-constrained wp-container-core-group-is-layout-bc3b9f8d wp-block-group-is-layout-constrained\" style=\"padding-top:var(--wp--preset--spacing--20);padding-right:var(--wp--preset--spacing--20);padding-bottom:25px\">\n<div class=\"wp-block-uagb-separator uagb-block-857ee5b0\"><div class=\"wp-block-uagb-separator__inner\" style=\"--my-background-image:\"><\/div><\/div>\n\n\n\n<h2 class=\"wp-block-heading has-text-align-center has-ast-global-color-2-color has-text-color\">&#8211; Qu&rsquo;est ce que la SAS ? &#8211;<\/h2>\n\n\n\n<div class=\"wp-block-uagb-separator uagb-block-580fe2f3\"><div class=\"wp-block-uagb-separator__inner\" style=\"--my-background-image:\"><\/div><\/div>\n\n\n\n<div class=\"wp-block-columns is-not-stacked-on-mobile has-ast-global-color-4-background-color has-background has-medium-font-size is-layout-flex wp-container-core-columns-is-layout-27aaff26 wp-block-columns-is-layout-flex\" style=\"border-style:none;border-width:0px;border-radius:0px;padding-top:0;padding-right:0;padding-bottom:0;padding-left:0\">\n<div class=\"wp-block-column is-vertically-aligned-center is-layout-flow wp-container-core-column-is-layout-6b73ce23 wp-block-column-is-layout-flow\">\n<h3 class=\"wp-block-heading has-text-align-left\" style=\"margin-top:16px\">2600<\/h3>\n\n\n\n<p class=\"has-text-align-left\">Miles en solitaire <\/p>\n<\/div>\n\n\n\n<div class=\"wp-block-column is-vertically-aligned-top is-layout-flow wp-container-core-column-is-layout-6b73ce23 wp-block-column-is-layout-flow\">\n<h3 class=\"wp-block-heading has-text-align-left\" style=\"margin-top:16px\">1<\/h3>\n\n\n\n<p class=\"has-text-align-left\">Aller-Retour aux A\u00e7ores<\/p>\n<\/div>\n\n\n\n<div class=\"wp-block-column is-vertically-aligned-top is-layout-flow wp-container-core-column-is-layout-6b73ce23 wp-block-column-is-layout-flow\">\n<h3 class=\"wp-block-heading has-text-align-left\" style=\"margin-top:16px\"><strong>70<\/strong><\/h3>\n\n\n\n<p class=\"has-text-align-left\">Concurrents<\/p>\n<\/div>\n\n\n\n<div class=\"wp-block-column is-vertically-aligned-top is-layout-flow wp-container-core-column-is-layout-6b73ce23 wp-block-column-is-layout-flow\">\n<h3 class=\"wp-block-heading has-text-align-left\" style=\"margin-top:16px;margin-bottom:var(--wp--preset--spacing--20)\"><strong>0<\/strong><\/h3>\n\n\n\n<p class=\"has-text-align-left\">Assistance<\/p>\n<\/div>\n<\/div>\n<\/div>\n\n\n\n<div class=\"wp-block-columns is-layout-flex wp-container-core-columns-is-layout-feb7771b wp-block-columns-is-layout-flex\" style=\"margin-top:0px;margin-bottom:0;padding-top:0;padding-right:0;padding-bottom:0;padding-left:0\">\n<div class=\"wp-block-column is-layout-flow wp-container-core-column-is-layout-6b73ce23 wp-block-column-is-layout-flow\">\n<figure class=\"wp-block-image size-large\"><a href=\"https:\/\/beeonthesea.com\/index.php\/le-skipper\/\"><img loading=\"lazy\" decoding=\"async\" width=\"1024\" height=\"683\" src=\"http:\/\/beeonthesea.com\/wp-content\/uploads\/2023\/06\/IMG_2545-1024x683.jpg\" alt=\"\" class=\"wp-image-88\" srcset=\"http:\/\/beeonthesea.com\/wp-content\/uploads\/2023\/06\/IMG_2545-1024x683.jpg 1024w, http:\/\/beeonthesea.com\/wp-content\/uploads\/2023\/06\/IMG_2545-300x200.jpg 300w, http:\/\/beeonthesea.com\/wp-content\/uploads\/2023\/06\/IMG_2545-768x512.jpg 768w, http:\/\/beeonthesea.com\/wp-content\/uploads\/2023\/06\/IMG_2545-1536x1024.jpg 1536w, http:\/\/beeonthesea.com\/wp-content\/uploads\/2023\/06\/IMG_2545-2048x1365.jpg 2048w\" sizes=\"auto, (max-width: 1024px) 100vw, 1024px\" \/><\/a><\/figure>\n\n\n\n<h3 class=\"wp-block-heading\" style=\"margin-top:16px\">Le Skipper<\/h3>\n\n\n\n<p>Quentin Abeille, passionn\u00e9, ing\u00e9nieur en BE et ancien moniteur de voile&#8230; <\/p>\n<\/div>\n\n\n\n<div class=\"wp-block-column is-layout-flow wp-container-core-column-is-layout-6b73ce23 wp-block-column-is-layout-flow\">\n<figure class=\"wp-block-image size-large\"><a href=\"https:\/\/beeonthesea.com\/index.php\/actualites\/\"><img loading=\"lazy\" decoding=\"async\" width=\"1024\" height=\"684\" src=\"http:\/\/beeonthesea.com\/wp-content\/uploads\/2023\/06\/CorsaireJCup10-1-1024x684.jpg\" alt=\"\" class=\"wp-image-89\" srcset=\"http:\/\/beeonthesea.com\/wp-content\/uploads\/2023\/06\/CorsaireJCup10-1-1024x684.jpg 1024w, http:\/\/beeonthesea.com\/wp-content\/uploads\/2023\/06\/CorsaireJCup10-1-300x200.jpg 300w, http:\/\/beeonthesea.com\/wp-content\/uploads\/2023\/06\/CorsaireJCup10-1-768x513.jpg 768w, http:\/\/beeonthesea.com\/wp-content\/uploads\/2023\/06\/CorsaireJCup10-1.jpg 1200w\" sizes=\"auto, (max-width: 1024px) 100vw, 1024px\" \/><\/a><\/figure>\n\n\n\n<h3 class=\"wp-block-heading\" style=\"margin-top:16px\">Les Actualit\u00e9s<\/h3>\n\n\n\n<p>Pour en savoir plus sur les prochaines courses et \u00e9tapes du projet \u00e0 venir&#8230;<\/p>\n<\/div>\n\n\n\n<div class=\"wp-block-column is-layout-flow wp-container-core-column-is-layout-6b73ce23 wp-block-column-is-layout-flow\">\n<figure class=\"wp-block-image size-large is-resized\"><img loading=\"lazy\" decoding=\"async\" width=\"1024\" height=\"720\" src=\"https:\/\/beeonthesea.com\/wp-content\/uploads\/2023\/08\/V2-1024x720.jpg\" alt=\"\" class=\"wp-image-388\" style=\"width:454px;height:255px\" srcset=\"http:\/\/beeonthesea.com\/wp-content\/uploads\/2023\/08\/V2-1024x720.jpg 1024w, http:\/\/beeonthesea.com\/wp-content\/uploads\/2023\/08\/V2-300x211.jpg 300w, http:\/\/beeonthesea.com\/wp-content\/uploads\/2023\/08\/V2-768x540.jpg 768w, http:\/\/beeonthesea.com\/wp-content\/uploads\/2023\/08\/V2-1536x1080.jpg 1536w, http:\/\/beeonthesea.com\/wp-content\/uploads\/2023\/08\/V2-2048x1439.jpg 2048w\" sizes=\"auto, (max-width: 1024px) 100vw, 1024px\" \/><\/figure>\n\n\n\n<h3 class=\"wp-block-heading\" style=\"margin-top:16px\">La Classe Mini<\/h3>\n\n\n\n<p>Les plus petits voiliers de la course hauturi\u00e8re sont n\u00e9s et leur course favorite : la Mini Transat.<\/p>\n<\/div>\n<\/div>\n\n\n\n<div class=\"wp-block-uagb-separator uagb-block-0ae0e7b4 wp-block-uagb-separator--icon\"><div class=\"wp-block-uagb-separator__inner\" style=\"--my-background-image:\"><div class=\"wp-block-uagb-separator-element\"><svg xmlns=\"https:\/\/www.w3.org\/2000\/svg\" viewBox=\"0 0 576 512\"><path d=\"M256 16C256 9.018 260.5 2.841 267.2 .7414C273.9-1.358 281.1 1.105 285.1 6.826L509.1 326.8C512.5 331.7 512.9 338.1 510.2 343.4C507.4 348.7 501.1 352 496 352H272C263.2 352 256 344.8 256 336V16zM212.1 96.54C219.1 98.4 224 104.7 224 112V336C224 344.8 216.8 352 208 352H80C74.3 352 69.02 348.1 66.16 344C63.3 339.1 63.28 333 66.11 328.1L194.1 104.1C197.7 97.76 205.1 94.68 212.1 96.54V96.54zM5.718 404.3C2.848 394.1 10.52 384 21.12 384H554.9C565.5 384 573.2 394.1 570.3 404.3L566.3 418.7C550.7 473.9 500.4 512 443 512H132.1C75.62 512 25.27 473.9 9.747 418.7L5.718 404.3z\"><\/path><\/svg><\/div><\/div><\/div>\n\n\n\n<div class=\"wp-block-media-text has-media-on-the-right is-stacked-on-mobile is-vertically-aligned-center has-small-font-size\" style=\"margin-top:var(--wp--preset--spacing--20);margin-right:var(--wp--preset--spacing--20);margin-bottom:var(--wp--preset--spacing--20);margin-left:var(--wp--preset--spacing--20)\"><div class=\"wp-block-media-text__content\">\n<div class=\"inherit-container-width wp-block-group is-layout-constrained wp-container-core-group-is-layout-47ce07ec wp-block-group-is-layout-constrained\" style=\"padding-right:80px\">\n<h2 class=\"wp-block-heading\" style=\"padding-right:40px\">Les partenaires<\/h2>\n\n\n\n<p>La SAS est une course en solitaire mais il faut toute une \u00e9quipe pour \u00eatre sur la ligne de d\u00e9part !<\/p>\n\n\n\n<p>Un grand merci \u00e0 tous mes partenaires et mes soutiens pour leur aide pr\u00e9cieuse.<\/p>\n\n\n\n<p>Vous souhaitez nous rejoindre ou en savoir plus ?<\/p>\n\n\n\n<div class=\"wp-block-buttons alignwide is-horizontal is-layout-flex wp-container-core-buttons-is-layout-de2c261f wp-block-buttons-is-layout-flex\" style=\"margin-top:0;margin-bottom:0\">\n<div class=\"wp-block-button\"><a class=\"wp-block-button__link wp-element-button\" href=\"https:\/\/beeonthesea.com\/index.php\/partenaires\/\">Cliquez ici !<\/a><\/div>\n<\/div>\n<\/div>\n<\/div><figure class=\"wp-block-media-text__media\"><img loading=\"lazy\" decoding=\"async\" width=\"1024\" height=\"768\" src=\"http:\/\/beeonthesea.com\/wp-content\/uploads\/2023\/08\/P1005525_190823-1024x768.jpg\" alt=\"\" class=\"wp-image-367 size-full\" srcset=\"http:\/\/beeonthesea.com\/wp-content\/uploads\/2023\/08\/P1005525_190823-1024x768.jpg 1024w, http:\/\/beeonthesea.com\/wp-content\/uploads\/2023\/08\/P1005525_190823-300x225.jpg 300w, http:\/\/beeonthesea.com\/wp-content\/uploads\/2023\/08\/P1005525_190823-768x576.jpg 768w, http:\/\/beeonthesea.com\/wp-content\/uploads\/2023\/08\/P1005525_190823-1536x1152.jpg 1536w, http:\/\/beeonthesea.com\/wp-content\/uploads\/2023\/08\/P1005525_190823-2048x1536.jpg 2048w\" sizes=\"auto, (max-width: 1024px) 100vw, 1024px\" \/><\/figure><\/div>\n\n\n\n<div class=\"wp-block-columns is-layout-flex wp-container-core-columns-is-layout-28f84493 wp-block-columns-is-layout-flex\">\n<div class=\"wp-block-column is-layout-flow wp-block-column-is-layout-flow\" style=\"flex-basis:50%\"><div class=\"aiovg-player-container\" style=\"max-width: 100%;\"><div class=\"aiovg-player aiovg-player-iframe\" style=\"padding-bottom: 56.25%;\"><iframe loading=\"lazy\" src=\"http:\/\/beeonthesea.com\/index.php\/player-embed\/id\/408\/\" title=\"A Mini Story &#8211; Episode 1\" width=\"560\" height=\"315\" frameborder=\"0\" scrolling=\"no\" allow=\"accelerometer; autoplay; clipboard-write; encrypted-media; gyroscope; picture-in-picture; web-share\" allowfullscreen><\/iframe><\/div><\/div>\n<\/div>\n\n\n\n<div class=\"wp-block-column is-layout-flow wp-block-column-is-layout-flow\" style=\"flex-basis:50%\">\n<div class=\"wp-block-group alignfull has-ast-global-color-5-background-color has-background is-layout-constrained wp-container-core-group-is-layout-6a2cfb7b wp-block-group-is-layout-constrained\" id=\"reviews\">\n<figure class=\"wp-block-image aligncenter size-full is-resized is-style-rounded\"><img loading=\"lazy\" decoding=\"async\" width=\"111\" height=\"109\" src=\"http:\/\/beeonthesea.com\/wp-content\/uploads\/2023\/08\/WhatsApp-Image-2023-08-03-at-16.26.17-3-e1692953316796.jpeg\" alt=\"\" class=\"wp-image-327\" style=\"width:75px;height:75px\"\/><\/figure>\n\n\n\n<p class=\"has-text-align-center\" style=\"font-size:22px;line-height:1.6\">\u201c<em>La voile est ma passion depuis mon enfance et aujourd\u2019hui\u00a0j\u2019en ai fait mon m\u00e9tier. Mon objectif est maintenant de r\u00e9aliser\u00a0un r\u00eave et de prendre le d\u00e9part de la course Les Sables &#8211; Les A\u00e7ores &#8211; Les Sables en 2026.<\/em>\u201d<\/p>\n\n\n\n<p class=\"has-text-align-center\"><strong>Quentin Abeille<\/strong><\/p>\n<\/div>\n<\/div>\n<\/div>\n\n\n\n<div class=\"wp-block-group alignfull has-background is-layout-constrained wp-container-core-group-is-layout-cfcca693 wp-block-group-is-layout-constrained\" id=\"contact\" style=\"background:linear-gradient(135deg,rgb(228,228,228) 0%,rgb(152,173,188) 100%);padding-top:104px;padding-bottom:104px\">\n<h2 class=\"wp-block-heading has-text-align-center has-text-color\" style=\"color:#ffffff\">S&rsquo;abonner \u00e0 la newsletter pour ne rien manquer<\/h2>\n\n\n\n<div class=\"wp-block-buttons alignwide is-horizontal is-content-justification-center is-layout-flex wp-container-core-buttons-is-layout-bba8380a wp-block-buttons-is-layout-flex\" style=\"margin-top:50px\">\n<div class=\"wp-block-button\"><a class=\"wp-block-button__link wp-element-button\" href=\"http:\/\/beeonthesea.com\/index.php\/abonnement-a-la-newsletter\/\">Je m&rsquo;abonne<\/a><\/div>\n<\/div>\n<\/div>\n","protected":false},"excerpt":{"rendered":"<p>&#8211; Qu&rsquo;est ce que la SAS ? &#8211; 2600 Miles en solitaire 1 Aller-Retour aux A\u00e7ores 70 Concurrents 0 Assistance Le Skipper Quentin Abeille, passionn\u00e9, ing\u00e9nieur en BE et ancien moniteur de voile&#8230; Les Actualit\u00e9s Pour en savoir plus sur les prochaines courses et \u00e9tapes du projet \u00e0 venir&#8230; La Classe Mini Les plus petits &hellip;<\/p>\n<p class=\"read-more\"> <a class=\"\" href=\"http:\/\/beeonthesea.com\/\"> <span class=\"screen-reader-text\">Accueil<\/span> Lire la suite\u00a0\u00bb<\/a><\/p>\n","protected":false},"author":1,"featured_media":0,"parent":0,"menu_order":0,"comment_status":"closed","ping_status":"closed","template":"","meta":{"_uag_custom_page_level_css":"","site-sidebar-layout":"no-sidebar","site-content-layout":"plain-container","ast-site-content-layout":"normal-width-container","site-content-style":"unboxed","site-sidebar-style":"unboxed","ast-global-header-display":"","ast-banner-title-visibility":"","ast-main-header-display":"","ast-hfb-above-header-display":"","ast-hfb-below-header-display":"","ast-hfb-mobile-header-display":"","site-post-title":"disabled","ast-breadcrumbs-content":"","ast-featured-img":"","footer-sml-layout":"","theme-transparent-header-meta":"enabled","adv-header-id-meta":"","stick-header-meta":"","header-above-stick-meta":"","header-main-stick-meta":"","header-below-stick-meta":"","astra-migrate-meta-layouts":"set","footnotes":""},"class_list":["post-24","page","type-page","status-publish","hentry"],"uagb_featured_image_src":{"full":false,"thumbnail":false,"medium":false,"medium_large":false,"large":false,"1536x1536":false,"2048x2048":false},"uagb_author_info":{"display_name":"Quentin","author_link":"http:\/\/beeonthesea.com\/index.php\/author\/admin2701\/"},"uagb_comment_info":0,"uagb_excerpt":"&#8211; Qu&rsquo;est ce que la SAS ? &#8211; 2600 Miles en solitaire 1 Aller-Retour aux A\u00e7ores 70 Concurrents 0 Assistance Le Skipper Quentin Abeille, passionn\u00e9, ing\u00e9nieur en BE et ancien moniteur de voile&#8230; Les Actualit\u00e9s Pour en savoir plus sur les prochaines courses et \u00e9tapes du projet \u00e0 venir&#8230; La Classe Mini Les plus petits\u2026","_links":{"self":[{"href":"http:\/\/beeonthesea.com\/index.php\/wp-json\/wp\/v2\/pages\/24","targetHints":{"allow":["GET"]}}],"collection":[{"href":"http:\/\/beeonthesea.com\/index.php\/wp-json\/wp\/v2\/pages"}],"about":[{"href":"http:\/\/beeonthesea.com\/index.php\/wp-json\/wp\/v2\/types\/page"}],"author":[{"embeddable":true,"href":"http:\/\/beeonthesea.com\/index.php\/wp-json\/wp\/v2\/users\/1"}],"replies":[{"embeddable":true,"href":"http:\/\/beeonthesea.com\/index.php\/wp-json\/wp\/v2\/comments?post=24"}],"version-history":[{"count":58,"href":"http:\/\/beeonthesea.com\/index.php\/wp-json\/wp\/v2\/pages\/24\/revisions"}],"predecessor-version":[{"id":560,"href":"http:\/\/beeonthesea.com\/index.php\/wp-json\/wp\/v2\/pages\/24\/revisions\/560"}],"wp:attachment":[{"href":"http:\/\/beeonthesea.com\/index.php\/wp-json\/wp\/v2\/media?parent=24"}],"curies":[{"name":"wp","href":"https:\/\/api.w.org\/{rel}","templated":true}]}}